{"id":996751,"date":"2025-04-03T04:59:56","date_gmt":"2025-04-03T04:59:56","guid":{"rendered":"http:\/\/verusvino.com\/?page_id=996751"},"modified":"2025-06-02T09:23:26","modified_gmt":"2025-06-02T09:23:26","slug":"verus","status":"publish","type":"page","link":"https:\/\/verusvino.com\/en\/verus\/","title":{"rendered":"Verus"},"content":{"rendered":"\t\t<div data-elementor-type=\"wp-page\" data-elementor-id=\"996751\" class=\"elementor elementor-996751 elementor-996749\" data-elementor-post-type=\"page\">\n\t\t\t\t\t\t<section class=\"elementor-section elementor-top-section elementor-element elementor-element-68307d4 elementor-section-height-min-height animated-slow elementor-section-full_width elementor-section-items-stretch elementor-section-height-default elementor-invisible\" data-id=\"68307d4\" data-element_type=\"section\" data-settings=\"{&quot;background_background&quot;:&quot;classic&quot;,&quot;animation&quot;:&quot;fadeIn&quot;,&quot;animation_delay&quot;:400}\">\n\t\t\t\t\t\t<div class=\"elementor-container elementor-column-gap-default\">\n\t\t\t\t\t<div class=\"elementor-column elementor-col-100 elementor-top-column elementor-element elementor-element-d85b03c\" data-id=\"d85b03c\" data-element_type=\"column\">\n\t\t\t<div class=\"elementor-widget-wrap\">\n\t\t\t\t\t\t\t<\/div>\n\t\t<\/div>\n\t\t\t\t\t<\/div>\n\t\t<\/section>\n\t\t\t\t<section class=\"elementor-section elementor-top-section elementor-element elementor-element-9af5294 elementor-section-height-min-height animated-slow elementor-section-boxed elementor-section-height-default elementor-section-items-middle elementor-invisible\" data-id=\"9af5294\" data-element_type=\"section\" data-settings=\"{&quot;animation&quot;:&quot;fadeIn&quot;,&quot;animation_delay&quot;:400,&quot;background_background&quot;:&quot;classic&quot;}\">\n\t\t\t\t\t\t<div class=\"elementor-container elementor-column-gap-default\">\n\t\t\t\t\t<div class=\"elementor-column elementor-col-100 elementor-top-column elementor-element elementor-element-6f46180\" data-id=\"6f46180\" data-element_type=\"column\">\n\t\t\t<div class=\"elementor-widget-wrap elementor-element-populated\">\n\t\t\t\t\t\t<div class=\"elementor-element elementor-element-95e4e6f elementor-widget-mobile__width-inherit elementor-widget elementor-widget-heading\" data-id=\"95e4e6f\" data-element_type=\"widget\" data-widget_type=\"heading.default\">\n\t\t\t\t<div class=\"elementor-widget-container\">\n\t\t\t<h2 class=\"elementor-heading-title elementor-size-default\">VERUS<\/h2>\t\t<\/div>\n\t\t\t\t<\/div>\n\t\t\t\t<div class=\"elementor-element elementor-element-2b0f73b elementor-widget__width-initial elementor-widget elementor-widget-text-editor\" data-id=\"2b0f73b\" data-element_type=\"widget\" data-widget_type=\"text-editor.default\">\n\t\t\t\t<div class=\"elementor-widget-container\">\n\t\t\t\t\t\t\t<p>Verus was founded by three friends: Rajko \u017dli\u010dar, Danilo \u0160najder and Bo\u017eidar Grabovac.\u00a0<span style=\"color: var( --e-global-color-4ad8634 ); letter-spacing: var( --e-global-typography-fe0b111-letter-spacing ); word-spacing: var( --e-global-typography-fe0b111-word-spacing ); background-color: var( --e-global-color-04f34a4 ); text-transform: var(--vamtam-primary-font-transform,none);\">We brought together our family vineyards, expertise and work, and opened a wine cellar on the premises of a former bakery in the spring of 2007. We are united by our dedication to family traditions, since our parents and grandparents were closely linked to these vineyards and their wines.<\/span><\/p><p>Verus means true, real, actual, as well as honest, genuine, unpretentious, fair. We invariably strive to have this kind of attitude towards everyone and hope that our wines exhibit the same qualities.\u00a0<span style=\"color: var( --e-global-color-4ad8634 ); letter-spacing: var( --e-global-typography-fe0b111-letter-spacing ); word-spacing: var( --e-global-typography-fe0b111-word-spacing ); background-color: var( --e-global-color-04f34a4 ); text-transform: var(--vamtam-primary-font-transform,none);\">Using our expertise and meticulous work in the vineyard and wine cellar we produce wines that unquestionably express the characteristics of the variety and vintage, as well as of our winegrowing region.<\/span><\/p>\t\t\t\t\t\t<\/div>\n\t\t\t\t<\/div>\n\t\t\t\t\t<\/div>\n\t\t<\/div>\n\t\t\t\t\t<\/div>\n\t\t<\/section>\n\t\t\t\t<section class=\"elementor-section elementor-top-section elementor-element elementor-element-1d98e2c elementor-section-height-min-height elementor-section-items-top elementor-section-boxed elementor-section-height-default\" data-id=\"1d98e2c\" data-element_type=\"section\" data-settings=\"{&quot;background_background&quot;:&quot;classic&quot;}\">\n\t\t\t\t\t\t<div class=\"elementor-container elementor-column-gap-default\">\n\t\t\t\t\t<div class=\"elementor-column elementor-col-66 elementor-top-column elementor-element elementor-element-00ba227 animated-slow elementor-invisible\" data-id=\"00ba227\" data-element_type=\"column\" data-settings=\"{&quot;animation&quot;:&quot;fadeIn&quot;,&quot;background_background&quot;:&quot;classic&quot;}\">\n\t\t\t<div class=\"elementor-widget-wrap elementor-element-populated\">\n\t\t\t\t\t\t<div class=\"elementor-element elementor-element-62fed7a elementor-widget-mobile__width-inherit elementor-widget elementor-widget-heading\" data-id=\"62fed7a\" data-element_type=\"widget\" data-widget_type=\"heading.default\">\n\t\t\t\t<div class=\"elementor-widget-container\">\n\t\t\t<h1 class=\"elementor-heading-title elementor-size-default\">DANILO \u0160NAJDER<\/h1>\t\t<\/div>\n\t\t\t\t<\/div>\n\t\t\t\t<div class=\"elementor-element elementor-element-f985ede elementor-widget__width-initial elementor-widget elementor-widget-text-editor\" data-id=\"f985ede\" data-element_type=\"widget\" data-widget_type=\"text-editor.default\">\n\t\t\t\t<div class=\"elementor-widget-container\">\n\t\t\t\t\t\t\t<p>Danilo was born on 22nd January, 1971. He spent his childhood in Ormo\u017e. While still at school, he started to work in his father\u2019s vineyard in Litmerk and helped to make the family wines. As well as being a successful independent winegrower, Danilo\u2019s father was at that time chief cellarmaster in the region\u2019s major wine company, Jeruzalem Ormo\u017e. After finishing secondary school, Danilo continued his studies at the Biotechnical Faculty in Ljubljana and graduated in 1997.\u00a0<span style=\"color: var( --e-global-color-4ad8634 ); letter-spacing: var( --e-global-typography-fe0b111-letter-spacing ); word-spacing: var( --e-global-typography-fe0b111-word-spacing ); background-color: var( --e-global-color-vamtam_accent_5 ); text-transform: var(--vamtam-primary-font-transform,none);\">Upon finishing his studies, Danilo went for a 3-month stay in the French wine region of Saumur to gain some professional experience. After returning home, he took on his first job at the Jeruzalem Ormo\u017e winery, where \u2013 after few years of in-depth work in oenology and marketing &#8211; he became the chief winemaker and cellar manager.<\/span><\/p><p>Danilo\u2019s awareness of the fact that successful cellar work is fundamentally connected with great viticulture and marketing gradually culminated in success. Numerous awards from renowned competitions including Concours Mondial de Bruxelles, Decanter World Wine Awards, International Wine Challenge &#8211; London, Mundus Vini &#8211; Neustadt, Challenge Internationale du vin \u2013 Blaye\/Bourg, Bordeaux, Vinalies Internationales \u2013 Paris, consolidated Danilo\u2019s status as one of Slovenia\u2019s best winemakers. He regularly participates in all significant domestic and foreign professional events and fairs. In addition, he closely cooperates with the English International Winemaking and Wine Marketing consulting company Cellarworld International, headed by Angela Muir, MW (Master of Wine).<\/p><p>He believes that the quality of wine is born in the vineyard and that a good deal of expertise, love and devoted work is required to produce fruit with great potential.<\/p><p>Danilo spends most of his free time with his family, daughters Tita and Lina, son Jacob and wife Alenka. Once a year the whole family sets out on a long journey \u2013 excellent winegrowing regions are of course often chosen as their destination.<\/p>\t\t\t\t\t\t<\/div>\n\t\t\t\t<\/div>\n\t\t\t\t\t<\/div>\n\t\t<\/div>\n\t\t\t\t<div class=\"elementor-column elementor-col-33 elementor-top-column elementor-element elementor-element-bed8045 elementor-invisible\" data-id=\"bed8045\" data-element_type=\"column\" data-settings=\"{&quot;background_background&quot;:&quot;classic&quot;,&quot;animation&quot;:&quot;fadeIn&quot;}\">\n\t\t\t<div class=\"elementor-widget-wrap elementor-element-populated\">\n\t\t\t\t\t\t<div class=\"elementor-element elementor-element-873c164 animated-slow elementor-invisible elementor-widget elementor-widget-image\" data-id=\"873c164\" data-element_type=\"widget\" data-settings=\"{&quot;_animation&quot;:&quot;fadeIn&quot;}\" data-widget_type=\"image.default\">\n\t\t\t\t<div class=\"elementor-widget-container\">\n\t\t\t\t\t\t\t<div class=\"elementor-image\">\n\t\t\t\t\t\t\t\t\t\t\t\t\t\t\t\t\t\t\t\t\t<img fetchpriority=\"high\" decoding=\"async\" width=\"750\" height=\"1000\" src=\"https:\/\/verusvino.com\/wp-content\/uploads\/2025\/03\/Danilo.jpg\" class=\"attachment-full size-full wp-image-996100\" alt=\"\" srcset=\"https:\/\/verusvino.com\/wp-content\/uploads\/2025\/03\/Danilo.jpg 750w, https:\/\/verusvino.com\/wp-content\/uploads\/2025\/03\/Danilo-225x300.jpg 225w\" sizes=\"(max-width: 750px) 100vw, 750px\" \/>\t\t\t\t\t\t\t\t\t\t\t\t\t\t\t\t\t\t\t\t\t\t\t\t<\/div>\n\t\t\t\t\t\t<\/div>\n\t\t\t\t<\/div>\n\t\t\t\t\t<\/div>\n\t\t<\/div>\n\t\t\t\t\t<\/div>\n\t\t<\/section>\n\t\t\t\t<section class=\"elementor-section elementor-top-section elementor-element elementor-element-4130fcb elementor-section-height-min-height elementor-section-items-top elementor-section-boxed elementor-section-height-default\" data-id=\"4130fcb\" data-element_type=\"section\" data-settings=\"{&quot;background_background&quot;:&quot;classic&quot;}\">\n\t\t\t\t\t\t<div class=\"elementor-container elementor-column-gap-default\">\n\t\t\t\t\t<div class=\"elementor-column elementor-col-66 elementor-top-column elementor-element elementor-element-14e7b3e animated-slow elementor-invisible\" data-id=\"14e7b3e\" data-element_type=\"column\" data-settings=\"{&quot;animation&quot;:&quot;fadeIn&quot;,&quot;background_background&quot;:&quot;classic&quot;}\">\n\t\t\t<div class=\"elementor-widget-wrap elementor-element-populated\">\n\t\t\t\t\t\t<div class=\"elementor-element elementor-element-117c48b elementor-widget-mobile__width-inherit elementor-widget elementor-widget-heading\" data-id=\"117c48b\" data-element_type=\"widget\" data-widget_type=\"heading.default\">\n\t\t\t\t<div class=\"elementor-widget-container\">\n\t\t\t<h1 class=\"elementor-heading-title elementor-size-default\">BO\u017dIDAR GRABOVAC<\/h1>\t\t<\/div>\n\t\t\t\t<\/div>\n\t\t\t\t<div class=\"elementor-element elementor-element-32113f5 elementor-widget__width-initial elementor-widget elementor-widget-text-editor\" data-id=\"32113f5\" data-element_type=\"widget\" data-widget_type=\"text-editor.default\">\n\t\t\t\t<div class=\"elementor-widget-container\">\n\t\t\t\t\t\t\t<p>Bo\u017eidar was born on 18th October, 1967. His younger years were marked by sports including indoor football and basketball. However, his grandfather\u2019s vineyard soon became one of his favourite places. Both parents were agronomists; his mother worked as vineyard manager for the Jeruzalem Ormo\u017e winery. His parents and grandfather gave Bo\u017eidar a detailed insight into both the theory and the practice of viticulture. Upon finishing secondary school, he continued his studies at the Biotechnical Faculty in Ljubljana and graduated in 1993. He got a job working for the Jeruzalem Ormo\u017e wine company and was put in charge of selecting and grafting young vines. He soon became manager of the whole viticultural department responsible for 500 hectares of vineyards. Bo\u017eidar believes in environmentally friendly, high quality oriented grape production. He helped to prepare and introduce the guidelines for sustainable grape production, which set the standard at a national level. Bo\u017eidar regularly participates in seminars in Slovenia as well as abroad covering areas concerning the technology and techniques of everything related to vine selection and grape production. His work and study helped consolidate his belief that the quality of wine depends on the fruit quality and therefore the hundreds of factors that must be considered not only while designing a vineyard but also while the work itself is done in the vineyards throughout the year.\u00a0<\/p><p><span style=\"color: var( --e-global-color-4ad8634 ); letter-spacing: var( --e-global-typography-fe0b111-letter-spacing ); word-spacing: var( --e-global-typography-fe0b111-word-spacing ); background-color: var( --e-global-color-vamtam_accent_5 ); text-transform: var(--vamtam-primary-font-transform,none);\">Throughout these years, Bo\u017eidar also participated in the company\u2019s marketing projects and, in 2005, was appointed marketing manager. In less than than 18 months, Bo\u017eidar, Danilo (chief winemaker at that time) and Rajko (sales manager at that time) redesigned and relaunched the trademark Jeruzalem Ormo\u017e with the aim of gaining internationally acceptance for it and making it one of Slovenia\u2019s most solid trademarks.<\/span><\/p><p>Bo\u017eidar\u2019s passion is photography. His most frequent theme is nature, especially vineyards and vines. He spends most of his free time with his family: his son Rok and his wife Silva.<\/p>\t\t\t\t\t\t<\/div>\n\t\t\t\t<\/div>\n\t\t\t\t\t<\/div>\n\t\t<\/div>\n\t\t\t\t<div class=\"elementor-column elementor-col-33 elementor-top-column elementor-element elementor-element-ba7c68f elementor-invisible\" data-id=\"ba7c68f\" data-element_type=\"column\" data-settings=\"{&quot;background_background&quot;:&quot;classic&quot;,&quot;animation&quot;:&quot;fadeIn&quot;}\">\n\t\t\t<div class=\"elementor-widget-wrap elementor-element-populated\">\n\t\t\t\t\t\t<div class=\"elementor-element elementor-element-5a15dd4 animated-slow elementor-invisible elementor-widget elementor-widget-image\" data-id=\"5a15dd4\" data-element_type=\"widget\" data-settings=\"{&quot;_animation&quot;:&quot;fadeIn&quot;}\" data-widget_type=\"image.default\">\n\t\t\t\t<div class=\"elementor-widget-container\">\n\t\t\t\t\t\t\t<div class=\"elementor-image\">\n\t\t\t\t\t\t\t\t\t\t\t\t\t\t\t\t\t\t\t\t\t<img decoding=\"async\" width=\"750\" height=\"1000\" src=\"https:\/\/verusvino.com\/wp-content\/uploads\/2025\/03\/Bozidar.jpg\" class=\"attachment-full size-full wp-image-996102\" alt=\"\" srcset=\"https:\/\/verusvino.com\/wp-content\/uploads\/2025\/03\/Bozidar.jpg 750w, https:\/\/verusvino.com\/wp-content\/uploads\/2025\/03\/Bozidar-225x300.jpg 225w\" sizes=\"(max-width: 750px) 100vw, 750px\" \/>\t\t\t\t\t\t\t\t\t\t\t\t\t\t\t\t\t\t\t\t\t\t\t\t<\/div>\n\t\t\t\t\t\t<\/div>\n\t\t\t\t<\/div>\n\t\t\t\t\t<\/div>\n\t\t<\/div>\n\t\t\t\t\t<\/div>\n\t\t<\/section>\n\t\t\t\t<section class=\"elementor-section elementor-top-section elementor-element elementor-element-1947878 elementor-section-height-min-height elementor-section-items-top elementor-section-boxed elementor-section-height-default\" data-id=\"1947878\" data-element_type=\"section\" data-settings=\"{&quot;background_background&quot;:&quot;classic&quot;}\">\n\t\t\t\t\t\t<div class=\"elementor-container elementor-column-gap-default\">\n\t\t\t\t\t<div class=\"elementor-column elementor-col-66 elementor-top-column elementor-element elementor-element-5bc78c1 animated-slow elementor-invisible\" data-id=\"5bc78c1\" data-element_type=\"column\" data-settings=\"{&quot;animation&quot;:&quot;fadeIn&quot;,&quot;background_background&quot;:&quot;classic&quot;}\">\n\t\t\t<div class=\"elementor-widget-wrap elementor-element-populated\">\n\t\t\t\t\t\t<div class=\"elementor-element elementor-element-fb3a96c elementor-widget-mobile__width-inherit elementor-widget elementor-widget-heading\" data-id=\"fb3a96c\" data-element_type=\"widget\" data-widget_type=\"heading.default\">\n\t\t\t\t<div class=\"elementor-widget-container\">\n\t\t\t<h1 class=\"elementor-heading-title elementor-size-default\">RAJKO \u017dLI\u010cAR<\/h1>\t\t<\/div>\n\t\t\t\t<\/div>\n\t\t\t\t<div class=\"elementor-element elementor-element-ebf5909 elementor-widget__width-initial elementor-widget elementor-widget-text-editor\" data-id=\"ebf5909\" data-element_type=\"widget\" data-widget_type=\"text-editor.default\">\n\t\t\t\t<div class=\"elementor-widget-container\">\n\t\t\t\t\t\t\t<p>Rajko was born on 22nd May, 1964. He spent his childhood in Ljutomer and devoted much of his free time to football and to his grandfather in Libanja. His father was at that time managing director of the wine company, Ljutomerska Klet. After Rajko finished his studies at the Biotechnical Faculty in Ljubljana, he left for London to gain some professional experience, starting work with Teltscher Brothers (exclusive importers of wine from one of former Yugoslavia\u2019s biggest wine trading companies, Slovenijavino). Once back home, he continued his career in Slovenijavino\u2019s sales department. He was to use the experience and knowledge he had acquired in all his subsequent jobs. These included: wine wholesalers, Vivat, and Ko\u017eelj and, last but not least, the company, Jeruzalem Ormo\u017e where he met Bo\u017eidar and Danilo.<\/p><p>He organised and managed the sales department in all three of these companies. Throughout those years, he was constantly active in this demanding wine market, working with major commercial groups, specialised wine distributors, the catering industry and many top wine producers and suppliers.<\/p><p>Although living in Ljubljana, he remains closely connected to the vineyards owned by his family in the Jeruzalem Hills. Prior to the foundation of Verus he tohe too had helped his father produce and sell the family\u2019s wine under their label: \u017dli\u010dar.<\/p><p>Rajko spends his free time with his family, his wife Darja and their three sons Matic, Miha and Jure. Whenever he can, he also joins his friends for some sports, mostly football.<\/p>\t\t\t\t\t\t<\/div>\n\t\t\t\t<\/div>\n\t\t\t\t\t<\/div>\n\t\t<\/div>\n\t\t\t\t<div class=\"elementor-column elementor-col-33 elementor-top-column elementor-element elementor-element-94eb9e5 elementor-invisible\" data-id=\"94eb9e5\" data-element_type=\"column\" data-settings=\"{&quot;background_background&quot;:&quot;classic&quot;,&quot;animation&quot;:&quot;fadeIn&quot;}\">\n\t\t\t<div class=\"elementor-widget-wrap elementor-element-populated\">\n\t\t\t\t\t\t<div class=\"elementor-element elementor-element-c328f89 animated-slow elementor-invisible elementor-widget elementor-widget-image\" data-id=\"c328f89\" data-element_type=\"widget\" data-settings=\"{&quot;_animation&quot;:&quot;fadeIn&quot;}\" data-widget_type=\"image.default\">\n\t\t\t\t<div class=\"elementor-widget-container\">\n\t\t\t\t\t\t\t<div class=\"elementor-image\">\n\t\t\t\t\t\t\t\t\t\t\t\t\t\t\t\t\t\t\t\t\t<img decoding=\"async\" width=\"750\" height=\"1000\" src=\"https:\/\/verusvino.com\/wp-content\/uploads\/2025\/03\/Rajko-1.jpg\" class=\"attachment-full size-full wp-image-996104\" alt=\"\" srcset=\"https:\/\/verusvino.com\/wp-content\/uploads\/2025\/03\/Rajko-1.jpg 750w, https:\/\/verusvino.com\/wp-content\/uploads\/2025\/03\/Rajko-1-225x300.jpg 225w\" sizes=\"(max-width: 750px) 100vw, 750px\" \/>\t\t\t\t\t\t\t\t\t\t\t\t\t\t\t\t\t\t\t\t\t\t\t\t<\/div>\n\t\t\t\t\t\t<\/div>\n\t\t\t\t<\/div>\n\t\t\t\t\t<\/div>\n\t\t<\/div>\n\t\t\t\t\t<\/div>\n\t\t<\/section>\n\t\t\t\t<section class=\"elementor-section elementor-top-section elementor-element elementor-element-23e93a8 elementor-section-height-min-height elementor-section-items-top elementor-section-full_width animated-slow elementor-section-height-default elementor-invisible\" data-id=\"23e93a8\" data-element_type=\"section\" data-settings=\"{&quot;background_background&quot;:&quot;classic&quot;,&quot;animation&quot;:&quot;fadeIn&quot;,&quot;animation_delay&quot;:400}\">\n\t\t\t\t\t\t<div class=\"elementor-container elementor-column-gap-default\">\n\t\t\t\t\t<div class=\"elementor-column elementor-col-100 elementor-top-column elementor-element elementor-element-451eed5\" data-id=\"451eed5\" data-element_type=\"column\" data-settings=\"{&quot;background_background&quot;:&quot;classic&quot;}\">\n\t\t\t<div class=\"elementor-widget-wrap elementor-element-populated\">\n\t\t\t\t\t\t<div class=\"elementor-element elementor-element-16bf387 elementor-widget elementor-widget-gallery\" data-id=\"16bf387\" data-element_type=\"widget\" data-settings=\"{&quot;columns&quot;:5,&quot;gap&quot;:{&quot;unit&quot;:&quot;px&quot;,&quot;size&quot;:0,&quot;sizes&quot;:[]},&quot;aspect_ratio&quot;:&quot;4:3&quot;,&quot;content_sequenced_animation&quot;:&quot;yes&quot;,&quot;lazyload&quot;:&quot;yes&quot;,&quot;gallery_layout&quot;:&quot;grid&quot;,&quot;columns_tablet&quot;:2,&quot;columns_mobile&quot;:1,&quot;gap_tablet&quot;:{&quot;unit&quot;:&quot;px&quot;,&quot;size&quot;:10,&quot;sizes&quot;:[]},&quot;gap_mobile&quot;:{&quot;unit&quot;:&quot;px&quot;,&quot;size&quot;:10,&quot;sizes&quot;:[]},&quot;content_hover_animation&quot;:&quot;fade-in&quot;}\" data-widget_type=\"gallery.default\">\n\t\t\t\t<div class=\"elementor-widget-container\">\n\t\t\t\t\t<div class=\"elementor-gallery__container\">\n\t\t\t\t\t\t\t<div class=\"e-gallery-item elementor-gallery-item elementor-animated-content\">\n\t\t\t\t\t<div class=\"e-gallery-image elementor-gallery-item__image\" data-thumbnail=\"https:\/\/verusvino.com\/wp-content\/uploads\/2025\/01\/Verus_Galerija2-3.jpg\" data-width=\"640\" data-height=\"480\" aria-label=\"\" role=\"img\" ><\/div>\n\t\t\t\t\t\t\t\t\t\t\t\t\t\t<\/div>\n\t\t\t\t\t\t\t<div class=\"e-gallery-item elementor-gallery-item elementor-animated-content\">\n\t\t\t\t\t<div class=\"e-gallery-image elementor-gallery-item__image\" data-thumbnail=\"https:\/\/verusvino.com\/wp-content\/uploads\/2025\/01\/Verus_Galerija-2.jpg\" data-width=\"1080\" data-height=\"810\" aria-label=\"\" role=\"img\" ><\/div>\n\t\t\t\t\t\t\t\t\t\t\t\t\t\t<\/div>\n\t\t\t\t\t\t\t<div class=\"e-gallery-item elementor-gallery-item elementor-animated-content\">\n\t\t\t\t\t<div class=\"e-gallery-image elementor-gallery-item__image\" data-thumbnail=\"https:\/\/verusvino.com\/wp-content\/uploads\/2025\/01\/Verus_Galerija2-6.jpg\" data-width=\"1000\" data-height=\"668\" aria-label=\"\" role=\"img\" ><\/div>\n\t\t\t\t\t\t\t\t\t\t\t\t\t\t<\/div>\n\t\t\t\t\t\t\t<div class=\"e-gallery-item elementor-gallery-item elementor-animated-content\">\n\t\t\t\t\t<div class=\"e-gallery-image elementor-gallery-item__image\" data-thumbnail=\"https:\/\/verusvino.com\/wp-content\/uploads\/2025\/02\/DBR-pekarna.jpg\" data-width=\"500\" data-height=\"333\" aria-label=\"\" role=\"img\" ><\/div>\n\t\t\t\t\t\t\t\t\t\t\t\t\t\t<\/div>\n\t\t\t\t\t\t\t<div class=\"e-gallery-item elementor-gallery-item elementor-animated-content\">\n\t\t\t\t\t<div class=\"e-gallery-image elementor-gallery-item__image\" data-thumbnail=\"https:\/\/verusvino.com\/wp-content\/uploads\/2024\/10\/Verus-Vinogradi-scaled.jpg\" data-width=\"2560\" data-height=\"1920\" aria-label=\"\" role=\"img\" ><\/div>\n\t\t\t\t\t\t\t\t\t\t\t\t\t\t<\/div>\n\t\t\t\t\t\t\t<div class=\"e-gallery-item elementor-gallery-item elementor-animated-content\">\n\t\t\t\t\t<div class=\"e-gallery-image elementor-gallery-item__image\" data-thumbnail=\"https:\/\/verusvino.com\/wp-content\/uploads\/2025\/01\/Verus_Galerija2-4.jpg\" data-width=\"615\" data-height=\"440\" aria-label=\"\" role=\"img\" ><\/div>\n\t\t\t\t\t\t\t\t\t\t\t\t\t\t<\/div>\n\t\t\t\t\t\t\t<div class=\"e-gallery-item elementor-gallery-item elementor-animated-content\">\n\t\t\t\t\t<div class=\"e-gallery-image elementor-gallery-item__image\" data-thumbnail=\"https:\/\/verusvino.com\/wp-content\/uploads\/2025\/01\/Verus_Galerija-3.jpg\" data-width=\"1080\" data-height=\"810\" aria-label=\"\" role=\"img\" ><\/div>\n\t\t\t\t\t\t\t\t\t\t\t\t\t\t<\/div>\n\t\t\t\t\t\t\t<div class=\"e-gallery-item elementor-gallery-item elementor-animated-content\">\n\t\t\t\t\t<div class=\"e-gallery-image elementor-gallery-item__image\" data-thumbnail=\"https:\/\/verusvino.com\/wp-content\/uploads\/2025\/01\/Verus_Galerija-7.jpg\" data-width=\"1080\" data-height=\"810\" aria-label=\"\" role=\"img\" ><\/div>\n\t\t\t\t\t\t\t\t\t\t\t\t\t\t<\/div>\n\t\t\t\t\t\t\t<div class=\"e-gallery-item elementor-gallery-item elementor-animated-content\">\n\t\t\t\t\t<div class=\"e-gallery-image elementor-gallery-item__image\" data-thumbnail=\"https:\/\/verusvino.com\/wp-content\/uploads\/2025\/01\/Verus_Galerija-12.jpg\" data-width=\"1080\" data-height=\"799\" aria-label=\"\" role=\"img\" ><\/div>\n\t\t\t\t\t\t\t\t\t\t\t\t\t\t<\/div>\n\t\t\t\t\t\t\t<div class=\"e-gallery-item elementor-gallery-item elementor-animated-content\">\n\t\t\t\t\t<div class=\"e-gallery-image elementor-gallery-item__image\" data-thumbnail=\"https:\/\/verusvino.com\/wp-content\/uploads\/2025\/01\/Verus_Galerija-1.jpg\" data-width=\"1080\" data-height=\"856\" aria-label=\"\" role=\"img\" ><\/div>\n\t\t\t\t\t\t\t\t\t\t\t\t\t\t<\/div>\n\t\t\t\t\t<\/div>\n\t\t\t<\/div>\n\t\t\t\t<\/div>\n\t\t\t\t\t<\/div>\n\t\t<\/div>\n\t\t\t\t\t<\/div>\n\t\t<\/section>\n\t\t\t\t<\/div>\n\t\t","protected":false},"excerpt":{"rendered":"<p>VERUS Verus was founded by three friends: Rajko \u017dli\u010dar, Danilo \u0160najder and Bo\u017eidar Grabovac.\u00a0We brought together our family vineyards, expertise and work, and opened a wine cellar on the premises of a former bakery in the spring of 2007. We are united by our dedication to family traditions, since our parents and grandparents were closely&#8230;<\/p>\n","protected":false},"author":1,"featured_media":0,"parent":0,"menu_order":0,"comment_status":"closed","ping_status":"closed","template":"","meta":{"footnotes":""},"class_list":["post-996751","page","type-page","status-publish","hentry"],"_links":{"self":[{"href":"https:\/\/verusvino.com\/en\/wp-json\/wp\/v2\/pages\/996751","targetHints":{"allow":["GET"]}}],"collection":[{"href":"https:\/\/verusvino.com\/en\/wp-json\/wp\/v2\/pages"}],"about":[{"href":"https:\/\/verusvino.com\/en\/wp-json\/wp\/v2\/types\/page"}],"author":[{"embeddable":true,"href":"https:\/\/verusvino.com\/en\/wp-json\/wp\/v2\/users\/1"}],"replies":[{"embeddable":true,"href":"https:\/\/verusvino.com\/en\/wp-json\/wp\/v2\/comments?post=996751"}],"version-history":[{"count":25,"href":"https:\/\/verusvino.com\/en\/wp-json\/wp\/v2\/pages\/996751\/revisions"}],"predecessor-version":[{"id":998303,"href":"https:\/\/verusvino.com\/en\/wp-json\/wp\/v2\/pages\/996751\/revisions\/998303"}],"wp:attachment":[{"href":"https:\/\/verusvino.com\/en\/wp-json\/wp\/v2\/media?parent=996751"}],"curies":[{"name":"wp","href":"https:\/\/api.w.org\/{rel}","templated":true}]}}